{"id":76,"date":"2024-12-31T09:56:59","date_gmt":"2024-12-31T09:56:59","guid":{"rendered":"https:\/\/flow-drive.ch\/?page_id=76"},"modified":"2026-03-26T11:55:23","modified_gmt":"2026-03-26T11:55:23","slug":"preisliste","status":"publish","type":"page","link":"https:\/\/flow-drive.ch\/?page_id=76","title":{"rendered":"PREISLISTE"},"content":{"rendered":"\n<h3 class=\"wp-block-heading has-text-align-center\"><strong>Du hast die Wahl, wir bieten verschiedenste Einzellektionen oder Abos an<\/strong><\/h3>\n\n\n\n<hr class=\"wp-block-separator has-alpha-channel-opacity is-style-wide\"\/>\n\n\n\n<h3 class=\"wp-block-heading\"><strong>Kat. B<\/strong><\/h3>\n\n\n\n<h4 class=\"wp-block-heading\">Einzellektionen<\/h4>\n\n\n\n<figure class=\"wp-block-table is-style-stripes\"><table class=\"has-fixed-layout\"><tbody><tr><td class=\"has-text-align-center\" data-align=\"center\"><strong>Fahrstundendauer<\/strong><\/td><td class=\"has-text-align-center\" data-align=\"center\"><strong>Preis<\/strong><\/td><\/tr><tr><td class=\"has-text-align-center\" data-align=\"center\">45 min.<\/td><td class=\"has-text-align-center\" data-align=\"center\">90 CHF<\/td><\/tr><tr><td class=\"has-text-align-center\" data-align=\"center\">60 min.<\/td><td class=\"has-text-align-center\" data-align=\"center\">120 CHF<\/td><\/tr><tr><td class=\"has-text-align-center\" data-align=\"center\">75 min.<\/td><td class=\"has-text-align-center\" data-align=\"center\">150 CHF<\/td><\/tr><tr><td class=\"has-text-align-center\" data-align=\"center\">90 min.<\/td><td class=\"has-text-align-center\" data-align=\"center\">180 CHF<\/td><\/tr><\/tbody><\/table><\/figure>\n\n\n\n<h4 class=\"wp-block-heading\">Abos<\/h4>\n\n\n\n<figure class=\"wp-block-table is-style-stripes\"><table class=\"has-fixed-layout\"><tbody><tr><td class=\"has-text-align-center\" data-align=\"center\"><strong>Enthaltene Fahrstundendauer<\/strong><\/td><td class=\"has-text-align-center\" data-align=\"center\"><strong>Preis<\/strong><\/td><\/tr><tr><td class=\"has-text-align-center\" data-align=\"center\">600 min. (+ 60 min. gratis)<\/td><td class=\"has-text-align-center\" data-align=\"center\">1&#8217;200 CHF<\/td><\/tr><tr><td class=\"has-text-align-center\" data-align=\"center\">750 min. (+ 75 min. gratis)<\/td><td class=\"has-text-align-center\" data-align=\"center\">1&#8217;500 CHF<\/td><\/tr><tr><td class=\"has-text-align-center\" data-align=\"center\">900 min. (+ 90 min. gratis)<\/td><td class=\"has-text-align-center\" data-align=\"center\">1&#8217;800 CHF<\/td><\/tr><\/tbody><\/table><\/figure>\n\n\n\n<h4 class=\"wp-block-heading\">Kosten Praktische Pr\u00fcfung:<\/h4>\n\n\n\n<ul class=\"wp-block-list\">\n<li>Einfahren plus Pr\u00fcfungsfahrt: 240 CHF (Bei 3. Pr\u00fcfung 300 CHF)<\/li>\n\n\n\n<li>Experten Geb\u00fchr: 138 CHF vor Ort. (Bei 3. Pr\u00fcfung 230 CHF)<\/li>\n<\/ul>\n\n\n\n<hr class=\"wp-block-separator has-alpha-channel-opacity is-style-wide\"\/>\n\n\n\n<h3 class=\"wp-block-heading\"><strong>Kat. BE<\/strong><\/h3>\n\n\n\n<figure class=\"wp-block-table is-style-stripes\"><table class=\"has-fixed-layout\"><tbody><tr><td class=\"has-text-align-center\" data-align=\"center\"><strong>Fahrstundendauer<\/strong><\/td><td class=\"has-text-align-center\" data-align=\"center\"><strong>Preis<\/strong><\/td><\/tr><tr><td class=\"has-text-align-center\" data-align=\"center\">90 min.<\/td><td class=\"has-text-align-center\" data-align=\"center\">220 CHF<\/td><\/tr><\/tbody><\/table><\/figure>\n\n\n\n<h4 class=\"wp-block-heading\">Kosten Praktische Pr\u00fcfung:<\/h4>\n\n\n\n<ul class=\"wp-block-list\">\n<li>Einfahren plus Pr\u00fcfungsfahrt: 295 CHF<\/li>\n\n\n\n<li>Experten Geb\u00fchr: 172 CHF vor Ort.<\/li>\n<\/ul>\n\n\n\n<hr class=\"wp-block-separator has-alpha-channel-opacity is-style-wide\"\/>\n\n\n\n<h3 class=\"wp-block-heading\">Administrationsgeb\u00fchr<\/h3>\n\n\n\n<p>Einmalig 120 CHF<\/p>\n\n\n\n<p>Diese Pauschale deckt s\u00e4mtliche administrativen Arbeiten ab, die ausserhalb der Fahrstunden anfallen. Von der Anmeldung bis zur bestandenen F\u00fchrerpr\u00fcfung.<\/p>\n\n\n\n<p>Dazu geh\u00f6ren unter anderem:<\/p>\n\n\n\n<ul class=\"wp-block-list\">\n<li>Planung und Koordination deiner Ausbildung<\/li>\n\n\n\n<li>Kommunikation mit \u00c4mtern und Beh\u00f6rden<\/li>\n\n\n\n<li>Organisation von Pr\u00fcfungsterminen<\/li>\n\n\n\n<li>Ausstellen von Ausbildungsnachweisen<\/li>\n\n\n\n<li>Allgemeine Betreuung und Unterst\u00fctzung w\u00e4hrend der gesamten Fahrausbildung<\/li>\n<\/ul>\n\n\n\n<p>Die Geb\u00fchr f\u00e4llt einmalig und unabh\u00e4ngig von der gew\u00e4hlten Ausbildungskategorie an.<\/p>\n\n\n\n<hr class=\"wp-block-separator has-alpha-channel-opacity is-style-wide\"\/>\n\n\n\n<h4 class=\"wp-block-heading\"><strong>QR-Rechnung zum herunterladen<\/strong><\/h4>\n\n\n\n<div class=\"wp-block-group\"><div class=\"wp-block-group__inner-container is-layout-constrained wp-block-group-is-layout-constrained\">\n<div data-wp-interactive=\"core\/file\" class=\"wp-block-file\"><object data-wp-bind--hidden=\"!state.hasPdfPreview\" hidden class=\"wp-block-file__embed\" data=\"https:\/\/flow-drive.ch\/wp-content\/uploads\/2025\/03\/QR-Rechnung.pdf\" type=\"application\/pdf\" style=\"width:100%;height:600px\" aria-label=\"Einbettung von QR-Rechnung.\"><\/object><a id=\"wp-block-file--media-ab232b4c-12cd-4b75-b29f-f85ce778f259\" href=\"https:\/\/flow-drive.ch\/wp-content\/uploads\/2025\/03\/QR-Rechnung.pdf\">QR-Rechnung<\/a><a href=\"https:\/\/flow-drive.ch\/wp-content\/uploads\/2025\/03\/QR-Rechnung.pdf\" class=\"wp-block-file__button wp-element-button\" download aria-describedby=\"wp-block-file--media-ab232b4c-12cd-4b75-b29f-f85ce778f259\">Herunterladen<\/a><\/div>\n<\/div><\/div>\n\n\n\n<hr class=\"wp-block-separator has-alpha-channel-opacity is-style-wide\"\/>\n\n\n\n<h4 class=\"wp-block-heading\"><strong>Zahlungsinformationen als Text<\/strong><\/h4>\n\n\n\n<p>IBAN: CH07 0076 9440 9493 2200 2<br><br>Zahlbar an:<br>Flow-Drive GmbH<br>In der Weiermatt 19<br>4133 Pratteln<\/p>\n\n\n\n<p><\/p>\n","protected":false},"excerpt":{"rendered":"<p>Du hast die Wahl, wir bieten verschiedenste Einzellektionen oder Abos an Kat. B Einzellektionen Fahrstundendauer Preis 45 min. 90 CHF 60 min. 120 CHF 75 min. 150 CHF 90 min. &#8230;<\/p>\n","protected":false},"author":1,"featured_media":0,"parent":0,"menu_order":0,"comment_status":"closed","ping_status":"closed","template":"","meta":{"footnotes":""},"class_list":["post-76","page","type-page","status-publish","hentry"],"_links":{"self":[{"href":"https:\/\/flow-drive.ch\/index.php?rest_route=\/wp\/v2\/pages\/76","targetHints":{"allow":["GET"]}}],"collection":[{"href":"https:\/\/flow-drive.ch\/index.php?rest_route=\/wp\/v2\/pages"}],"about":[{"href":"https:\/\/flow-drive.ch\/index.php?rest_route=\/wp\/v2\/types\/page"}],"author":[{"embeddable":true,"href":"https:\/\/flow-drive.ch\/index.php?rest_route=\/wp\/v2\/users\/1"}],"replies":[{"embeddable":true,"href":"https:\/\/flow-drive.ch\/index.php?rest_route=%2Fwp%2Fv2%2Fcomments&post=76"}],"version-history":[{"count":22,"href":"https:\/\/flow-drive.ch\/index.php?rest_route=\/wp\/v2\/pages\/76\/revisions"}],"predecessor-version":[{"id":398,"href":"https:\/\/flow-drive.ch\/index.php?rest_route=\/wp\/v2\/pages\/76\/revisions\/398"}],"wp:attachment":[{"href":"https:\/\/flow-drive.ch\/index.php?rest_route=%2Fwp%2Fv2%2Fmedia&parent=76"}],"curies":[{"name":"wp","href":"https:\/\/api.w.org\/{rel}","templated":true}]}}