{"id":54,"date":"2024-12-09T06:22:04","date_gmt":"2024-12-09T06:22:04","guid":{"rendered":"https:\/\/flow-drive.ch\/?page_id=54"},"modified":"2025-02-05T09:09:10","modified_gmt":"2025-02-05T09:09:10","slug":"home","status":"publish","type":"page","link":"https:\/\/flow-drive.ch\/","title":{"rendered":"Home"},"content":{"rendered":"\n<h2 class=\"wp-block-heading has-text-align-center\"><strong>Herzlich willkommen bei Flow-Drive \u2013 deiner Fahrschule mit Herz und Kompetenz<\/strong><\/h2>\n\n\n\n<p class=\"has-text-align-center\">Bist du auf der Suche nach der perfekten Fahrschule f\u00fcr die Kategorien B, BE oder BPT? Dann bist du bei uns genau richtig.<\/p>\n\n\n\n<h6 class=\"wp-block-heading has-text-align-center\"><strong>Go with the Flow \u2013 wir machen den Weg frei f\u00fcr deinen F\u00fchrerausweis!<\/strong><\/h6>\n\n\n<div class=\"wp-block-image\">\n<figure class=\"aligncenter size-large\"><img fetchpriority=\"high\" decoding=\"async\" width=\"1024\" height=\"862\" src=\"https:\/\/flow-drive.ch\/wp-content\/uploads\/2024\/12\/Seat_Ateca_Flow_Drive_Home-1024x862.jpg\" alt=\"\" class=\"wp-image-142\" srcset=\"https:\/\/flow-drive.ch\/wp-content\/uploads\/2024\/12\/Seat_Ateca_Flow_Drive_Home-1024x862.jpg 1024w, https:\/\/flow-drive.ch\/wp-content\/uploads\/2024\/12\/Seat_Ateca_Flow_Drive_Home-300x253.jpg 300w, https:\/\/flow-drive.ch\/wp-content\/uploads\/2024\/12\/Seat_Ateca_Flow_Drive_Home-768x647.jpg 768w, https:\/\/flow-drive.ch\/wp-content\/uploads\/2024\/12\/Seat_Ateca_Flow_Drive_Home.jpg 1512w\" sizes=\"(max-width: 1024px) 100vw, 1024px\" \/><\/figure>\n<\/div>\n\n\n<hr class=\"wp-block-separator has-alpha-channel-opacity is-style-wide\"\/>\n\n\n\n<h3 class=\"wp-block-heading has-text-align-left\"><strong>Unsere Motivation<\/strong><\/h3>\n\n\n\n<ul class=\"wp-block-list\">\n<li><strong>Angstfrei ans Steuer:<\/strong> Wir helfen dir, m\u00f6gliche Unsicherheiten hinter dir zu lassen.<\/li>\n\n\n\n<li><strong>Motiviert durchstarten:<\/strong> Mit unserer Unterst\u00fctzung wirst du sicher und selbstbewusst.<\/li>\n\n\n\n<li><strong>Erfolgreich zur Pr\u00fcfung:<\/strong> Wir bereiten dich mit Fachwissen, Geduld und einer Portion Humor optimal vor.<\/li>\n\n\n\n<li><strong>Lernen mit Freude:<\/strong> Der Spass darf nicht fehlen \u2013 Lachen geh\u00f6rt bei uns zur Fahrschule dazu!<\/li>\n<\/ul>\n\n\n\n<p class=\"has-text-align-center\">Unser Ziel ist es, gemeinsam mit dir deinen F\u00fchrerausweis zu erreichen \u2013 individuell und auf deine Bed\u00fcrfnisse abgestimmt. Wir setzen auf deine St\u00e4rken, unterst\u00fctzen dich bei Herausforderungen und sorgen daf\u00fcr, dass die Freude am Fahren nie verloren geht.<\/p>\n\n\n\n<hr class=\"wp-block-separator has-alpha-channel-opacity is-style-wide\"\/>\n\n\n\n<h3 class=\"wp-block-heading has-text-align-left\"><strong>Wo wir unterwegs sind<\/strong><\/h3>\n\n\n\n<p class=\"has-text-align-left\"><strong>Basel-Stadt, Basel-Land und Aargau<\/strong><\/p>\n\n\n\n<ul class=\"wp-block-list\">\n<li><strong>Pr\u00fcfungsgebiet M\u00fcnchenstein:<\/strong><br>Gemeinsam erkunden wir die beliebten Pr\u00fcfungsstrecken in und um Basel. Treffpunkte k\u00f6nnen z. B. Augst, Frenkendorf, Muttenz oder Basel sein. Je n\u00e4her wir im Pr\u00fcfungsgebiet starten, desto mehr lernst du die entscheidenden Strecken kennen.<\/li>\n\n\n\n<li><strong>Pr\u00fcfungsgebiet Rheinfelden:<\/strong><br>Von Rheinfelden bis Maisprach, von Kaiseraugst bis M\u00f6hlin \u2013 wir kennen die wichtigen Strecken. Auch hier starten wir gerne von einem Treffpunkt in deiner N\u00e4he, z. B. Pratteln, Magden oder Rheinfelden<\/li>\n<\/ul>\n\n\n\n<hr class=\"wp-block-separator has-alpha-channel-opacity is-style-wide\"\/>\n\n\n\n<h5 class=\"wp-block-heading has-text-align-center\"><strong>Flexibel und praktisch<\/strong><\/h5>\n\n\n\n<p class=\"has-text-align-center\">Wenn es zeitlich passt, holen wir dich gerne an deinem Arbeits- oder Wohnort im Pr\u00fcfungsgebiet ab.<\/p>\n\n\n\n<h5 class=\"wp-block-heading has-text-align-center\"><strong>Bereit f\u00fcr deinen F\u00fchrerausweis?<\/strong><\/h5>\n\n\n\n<p class=\"has-text-align-center\">Mit Flow-Drive bist du sicher unterwegs \u2013 vom ersten Einsteigen bis zur bestandenen Pr\u00fcfung. Wir freuen uns, dich auf dieser spannenden Reise zu begleiten!<\/p>\n\n\n\n<p><\/p>\n","protected":false},"excerpt":{"rendered":"<p>Herzlich willkommen bei Flow-Drive \u2013 deiner Fahrschule mit Herz und Kompetenz Bist du auf der Suche nach der perfekten Fahrschule f\u00fcr die Kategorien B, BE oder BPT? Dann bist du &#8230;<\/p>\n","protected":false},"author":1,"featured_media":0,"parent":0,"menu_order":0,"comment_status":"closed","ping_status":"closed","template":"","meta":{"footnotes":""},"class_list":["post-54","page","type-page","status-publish","hentry"],"_links":{"self":[{"href":"https:\/\/flow-drive.ch\/index.php?rest_route=\/wp\/v2\/pages\/54","targetHints":{"allow":["GET"]}}],"collection":[{"href":"https:\/\/flow-drive.ch\/index.php?rest_route=\/wp\/v2\/pages"}],"about":[{"href":"https:\/\/flow-drive.ch\/index.php?rest_route=\/wp\/v2\/types\/page"}],"author":[{"embeddable":true,"href":"https:\/\/flow-drive.ch\/index.php?rest_route=\/wp\/v2\/users\/1"}],"replies":[{"embeddable":true,"href":"https:\/\/flow-drive.ch\/index.php?rest_route=%2Fwp%2Fv2%2Fcomments&post=54"}],"version-history":[{"count":17,"href":"https:\/\/flow-drive.ch\/index.php?rest_route=\/wp\/v2\/pages\/54\/revisions"}],"predecessor-version":[{"id":351,"href":"https:\/\/flow-drive.ch\/index.php?rest_route=\/wp\/v2\/pages\/54\/revisions\/351"}],"wp:attachment":[{"href":"https:\/\/flow-drive.ch\/index.php?rest_route=%2Fwp%2Fv2%2Fmedia&parent=54"}],"curies":[{"name":"wp","href":"https:\/\/api.w.org\/{rel}","templated":true}]}}