{"id":41,"date":"2024-12-08T20:15:52","date_gmt":"2024-12-08T20:15:52","guid":{"rendered":"https:\/\/flow-drive.ch\/?page_id=41"},"modified":"2025-01-08T10:20:35","modified_gmt":"2025-01-08T10:20:35","slug":"agb","status":"publish","type":"page","link":"https:\/\/flow-drive.ch\/?page_id=41","title":{"rendered":"AGB"},"content":{"rendered":"\n<h2 class=\"wp-block-heading has-text-align-center\"><strong>Allgemeine Gesch\u00e4ftsbedingungen<\/strong><\/h2>\n\n\n\n<h4 class=\"wp-block-heading\"><strong>Allgemeine Bedingungen<\/strong><\/h4>\n\n\n\n<p>Der Vertrag tritt bei der Anmeldung (m\u00fcndlich, telefonisch, per SMS oder E-Mail) in Kraft.<br>Flow-Drive verpflichtet sich, den Fahrsch\u00fcler:innen unter den nachstehenden Bedingungen eine einwandfreie Ausbildung zu bieten, die den Anforderungen des Schweizerischen Strassenverkehrsgesetzes entspricht.<\/p>\n\n\n\n<h4 class=\"wp-block-heading\"><strong>Gew\u00e4hrleistung<\/strong><\/h4>\n\n\n\n<p>Die Fahrlehrerin bzw. der Fahrlehrer besitzt einen g\u00fcltigen Fahrlehrerausweis f\u00fcr die Erteilung von gewerbsm\u00e4ssigem Fahrunterricht und f\u00fchrt die Ausbildung nach den neuesten methodisch-didaktischen Erkenntnissen durch. Der Abschluss des Ausbildungsvertrags stellt jedoch keine Garantie f\u00fcr den Erwerb des F\u00fchrerausweises dar.<\/p>\n\n\n\n<h4 class=\"wp-block-heading\"><strong>Lernfahrausweis<\/strong><\/h4>\n\n\n\n<p>Der Lernfahrausweis ist bei jeder Fahrstunde mitzuf\u00fchren.<\/p>\n\n\n\n<h4 class=\"wp-block-heading\"><strong>Fahrf\u00e4higkeit<\/strong><\/h4>\n\n\n\n<p>Erscheine fahrf\u00e4hig zur Fahrstunde.<\/p>\n\n\n\n<p>Nicht gestattet ist die Teilnahme an Fahrstunden:<\/p>\n\n\n\n<ul class=\"wp-block-list\">\n<li>unter Einfluss von Drogen, Alkohol oder missbr\u00e4uchlich eingenommenen Medikamenten,<\/li>\n\n\n\n<li>bei \u00dcberm\u00fcdung.<\/li>\n<\/ul>\n\n\n\n<p>Wir behalten uns vor, die Fahrstunde abzusagen und in Rechnung zu stellen, wenn festgestellt wird, dass ein:e Fahrsch\u00fcler:in nicht fahrf\u00e4hig ist.<\/p>\n\n\n\n<h4 class=\"wp-block-heading\"><strong>Fahrzeug<\/strong><\/h4>\n\n\n\n<p>Der Fahrunterricht wird aus Gr\u00fcnden der Verkehrssicherheit grunds\u00e4tzlich auf Fahrzeugen mit Doppelpedalen erteilt. Ausnahmen sind nur nach gesonderter Absprache m\u00f6glich. F\u00fcr Lektionen mit einem Privatfahrzeug wird keine Preisreduktion gew\u00e4hrt.<\/p>\n\n\n\n<h4 class=\"wp-block-heading\"><strong>Preise und Lektionen<\/strong><\/h4>\n\n\n\n<p>Preise und Lektionsdauer k\u00f6nnen der aktuellen <a href=\"https:\/\/flow-drive.ch\/?page_id=76\" data-type=\"page\" data-id=\"76\">Preisliste<\/a> entnommen werden.<\/p>\n\n\n\n<h4 class=\"wp-block-heading\"><strong>Zahlungsbedingungen<\/strong><\/h4>\n\n\n\n<p>Die Fahrstunden sind bar oder per E-Banking zu begleichen. Abonnemente m\u00fcssen im Voraus bezahlt werden.<br>Es wird maximal eine offene Fahrstunde akzeptiert.<\/p>\n\n\n\n<h4 class=\"wp-block-heading\"><strong>Absage oder Verschiebung von Terminen<\/strong><\/h4>\n\n\n\n<p>Vereinbarte Fahrlektionen m\u00fcssen mindestens 24 Stunden im Voraus telefonisch, per SMS oder per WhatsApp abgesagt werden.<\/p>\n\n\n\n<p>Bei versp\u00e4teter Abmeldung wird die Lektion zum vollen Preis verrechnet.<br>Ausnahmen, wie Krankheit oder Unfall, sind m\u00f6glich, m\u00fcssen jedoch mit einem Arztzeugnis nachgewiesen werden.<\/p>\n\n\n\n<h4 class=\"wp-block-heading\"><strong>Versicherungs- und Administrationspauschale<\/strong><\/h4>\n\n\n\n<p>Zu Beginn der Fahrausbildung wird eine einmalige Versicherungs- und Administrationspauschale von CHF 120.\u2013 erhoben, zahlbar bar oder per E-Banking.<\/p>\n\n\n\n<p>Diese Pauschale umfasst:<\/p>\n\n\n\n<ul class=\"wp-block-list\">\n<li>Administrationsaufwand, inklusive aller Eintr\u00e4ge beim Strassenverkehrsamt und obligatorischer Formularf\u00fchrung.<\/li>\n<\/ul>\n\n\n\n<ul class=\"wp-block-list\">\n<li>Vollkaskoversicherung f\u00fcr das Fahrschulfahrzeug<\/li>\n<\/ul>\n\n\n\n<h4 class=\"wp-block-heading\"><strong>Unfallversicherung<\/strong><\/h4>\n\n\n\n<p>Die Unfallversicherung ist Sache des Fahrsch\u00fclers bzw. der Fahrsch\u00fclerin.<\/p>\n\n\n\n<h4 class=\"wp-block-heading\"><strong>Praktische Fahrpr\u00fcfung<\/strong><\/h4>\n\n\n\n<p>Die Pr\u00fcfungsanmeldung erfolgt nach bestandener Vorpr\u00fcfung. Fahrlehrer:innen arbeiten unter Aufsicht des Strassenverkehrsamts.<\/p>\n\n\n\n<p>Es gibt eine vorgeschriebene Erfolgsquote, die alle Fahrlehrer:innen einhalten m\u00fcssen.<\/p>\n\n\n\n<p>Wer unsere Erfahrung nicht sch\u00e4tzt und sich selbst als pr\u00fcfungsreif einsch\u00e4tzt, kann jederzeit mit einem Privatfahrzeug zur Pr\u00fcfung antreten. Es besteht keine Verpflichtung, Fahrstunden bei uns zu absolvieren.<\/p>\n","protected":false},"excerpt":{"rendered":"<p>Allgemeine Gesch\u00e4ftsbedingungen Allgemeine Bedingungen Der Vertrag tritt bei der Anmeldung (m\u00fcndlich, telefonisch, per SMS oder E-Mail) in Kraft.Flow-Drive verpflichtet sich, den Fahrsch\u00fcler:innen unter den nachstehenden Bedingungen eine einwandfreie Ausbildung zu &#8230;<\/p>\n","protected":false},"author":1,"featured_media":0,"parent":0,"menu_order":0,"comment_status":"closed","ping_status":"closed","template":"","meta":{"footnotes":""},"class_list":["post-41","page","type-page","status-publish","hentry"],"_links":{"self":[{"href":"https:\/\/flow-drive.ch\/index.php?rest_route=\/wp\/v2\/pages\/41","targetHints":{"allow":["GET"]}}],"collection":[{"href":"https:\/\/flow-drive.ch\/index.php?rest_route=\/wp\/v2\/pages"}],"about":[{"href":"https:\/\/flow-drive.ch\/index.php?rest_route=\/wp\/v2\/types\/page"}],"author":[{"embeddable":true,"href":"https:\/\/flow-drive.ch\/index.php?rest_route=\/wp\/v2\/users\/1"}],"replies":[{"embeddable":true,"href":"https:\/\/flow-drive.ch\/index.php?rest_route=%2Fwp%2Fv2%2Fcomments&post=41"}],"version-history":[{"count":9,"href":"https:\/\/flow-drive.ch\/index.php?rest_route=\/wp\/v2\/pages\/41\/revisions"}],"predecessor-version":[{"id":332,"href":"https:\/\/flow-drive.ch\/index.php?rest_route=\/wp\/v2\/pages\/41\/revisions\/332"}],"wp:attachment":[{"href":"https:\/\/flow-drive.ch\/index.php?rest_route=%2Fwp%2Fv2%2Fmedia&parent=41"}],"curies":[{"name":"wp","href":"https:\/\/api.w.org\/{rel}","templated":true}]}}