{"id":39,"date":"2024-12-08T20:13:59","date_gmt":"2024-12-08T20:13:59","guid":{"rendered":"https:\/\/flow-drive.ch\/?page_id=39"},"modified":"2025-01-08T10:28:47","modified_gmt":"2025-01-08T10:28:47","slug":"impressum","status":"publish","type":"page","link":"https:\/\/flow-drive.ch\/?page_id=39","title":{"rendered":"IMPRESSUM"},"content":{"rendered":"\n<h4 class=\"wp-block-heading\"><strong>Verantwortlich f\u00fcr den Inhalt der Webseite:<\/strong><\/h4>\n\n\n\n<p>Melanie Bill &amp; Chantal Bodmer<\/p>\n\n\n\n<h4 class=\"wp-block-heading\"><strong>Kontaktadresse:<\/strong><\/h4>\n\n\n\n<p>Flow-Drive GmbH<br>In der Weiermatt 19<br>4133 Pratteln CH<\/p>\n\n\n\n<h4 class=\"wp-block-heading\"><strong>Telefon:<\/strong><\/h4>\n\n\n\n<p>Melanie Bill: +41 76 720 90 60 \/ Chantal Bodmer: +41 76 830 25 24<\/p>\n\n\n\n<h4 class=\"wp-block-heading\"><strong>E-Mail:<\/strong><\/h4>\n\n\n\n<p><a href=\"mailto:fahrschule@flow-drive.ch\">fahrschule@flow-drive.ch<\/a><\/p>\n\n\n\n<h4 class=\"wp-block-heading\"><strong>UID-Nummer:<\/strong><\/h4>\n\n\n\n<p>CHE-140.148.514<\/p>\n\n\n\n<h4 class=\"wp-block-heading\"><strong>Haftungsausschluss:<\/strong><\/h4>\n\n\n\n<p>Die Inhalte dieser Webseite werden mit gr\u00f6sstm\u00f6glicher Sorgfalt erstellt. F\u00fcr die Richtigkeit, Vollst\u00e4ndigkeit und Aktualit\u00e4t der Inhalte \u00fcbernehmen wir jedoch keine Gew\u00e4hr.<\/p>\n\n\n\n<h4 class=\"wp-block-heading\"><strong>Urheberrechte:<\/strong><\/h4>\n\n\n\n<p>Die auf dieser Webseite ver\u00f6ffentlichten Inhalte und Werke unterliegen dem schweizerischen Urheberrecht. Jede Art der Vervielf\u00e4ltigung, Bearbeitung, Verbreitung und Verwertung ausserhalb der Grenzen des Urheberrechtes bedarf der vorherigen schriftlichen Zustimmung des jeweiligen Autors bzw. Erstellers.<\/p>\n\n\n\n<p><\/p>\n","protected":false},"excerpt":{"rendered":"<p>Verantwortlich f\u00fcr den Inhalt der Webseite: Melanie Bill &amp; Chantal Bodmer Kontaktadresse: Flow-Drive GmbHIn der Weiermatt 194133 Pratteln CH Telefon: Melanie Bill: +41 76 720 90 60 \/ Chantal Bodmer: &#8230;<\/p>\n","protected":false},"author":1,"featured_media":0,"parent":0,"menu_order":0,"comment_status":"closed","ping_status":"closed","template":"","meta":{"footnotes":""},"class_list":["post-39","page","type-page","status-publish","hentry"],"_links":{"self":[{"href":"https:\/\/flow-drive.ch\/index.php?rest_route=\/wp\/v2\/pages\/39","targetHints":{"allow":["GET"]}}],"collection":[{"href":"https:\/\/flow-drive.ch\/index.php?rest_route=\/wp\/v2\/pages"}],"about":[{"href":"https:\/\/flow-drive.ch\/index.php?rest_route=\/wp\/v2\/types\/page"}],"author":[{"embeddable":true,"href":"https:\/\/flow-drive.ch\/index.php?rest_route=\/wp\/v2\/users\/1"}],"replies":[{"embeddable":true,"href":"https:\/\/flow-drive.ch\/index.php?rest_route=%2Fwp%2Fv2%2Fcomments&post=39"}],"version-history":[{"count":4,"href":"https:\/\/flow-drive.ch\/index.php?rest_route=\/wp\/v2\/pages\/39\/revisions"}],"predecessor-version":[{"id":253,"href":"https:\/\/flow-drive.ch\/index.php?rest_route=\/wp\/v2\/pages\/39\/revisions\/253"}],"wp:attachment":[{"href":"https:\/\/flow-drive.ch\/index.php?rest_route=%2Fwp%2Fv2%2Fmedia&parent=39"}],"curies":[{"name":"wp","href":"https:\/\/api.w.org\/{rel}","templated":true}]}}