{"id":28,"date":"2024-12-08T19:49:30","date_gmt":"2024-12-08T19:49:30","guid":{"rendered":"https:\/\/flow-drive.ch\/?page_id=28"},"modified":"2025-01-08T10:25:02","modified_gmt":"2025-01-08T10:25:02","slug":"der-weg-zum-fuehrerausweis","status":"publish","type":"page","link":"https:\/\/flow-drive.ch\/?page_id=28","title":{"rendered":"DER WEG ZUM F\u00dcHRERAUSWEIS"},"content":{"rendered":"\n<h3 class=\"wp-block-heading has-text-align-center\"><strong>Dein Weg zum F\u00fchrerausweis \u2013 In 7 einfachen Schritten<\/strong><\/h3>\n\n\n\n<hr class=\"wp-block-separator has-alpha-channel-opacity is-style-wide\"\/>\n\n\n\n<h4 class=\"wp-block-heading\"><strong>Schritt 1: Nothelferkurs besuchen<\/strong><\/h4>\n\n\n\n<p>Ein wichtiger erster Schritt, um im Ernstfall helfen zu k\u00f6nnen. Melde dich fr\u00fchzeitig f\u00fcr den Kurs an.<\/p>\n\n\n\n<hr class=\"wp-block-separator has-alpha-channel-opacity is-style-wide\"\/>\n\n\n\n<h4 class=\"wp-block-heading\"><strong>Schritt 2: Lernfahrausweis beantragen<\/strong><\/h4>\n\n\n\n<ul class=\"wp-block-list\">\n<li>F\u00fclle das Gesuchsformular aus (<a href=\"https:\/\/flow-drive.ch\/wp-content\/uploads\/2024\/12\/Gesuch-Lernfahrausweis-Basel-Stadt.pdf\" data-type=\"link\" data-id=\"https:\/\/flow-drive.ch\/wp-content\/uploads\/2024\/12\/Gesuch-Lernfahrausweis-Basel-Stadt.pdf\">BS<\/a>, <a href=\"https:\/\/flow-drive.ch\/wp-content\/uploads\/2024\/12\/Gesuch-Lernfahrausweis-Baselland.pdf\" data-type=\"link\" data-id=\"https:\/\/flow-drive.ch\/wp-content\/uploads\/2024\/12\/Gesuch-Lernfahrausweis-Baselland.pdf\">BL<\/a>, <a href=\"https:\/\/www.ag.ch\/app\/aem\/forms\/VZFU_2024_Lernfahrgesuch?mode=prod&amp;afAcceptLang=de-ch\" data-type=\"link\" data-id=\"https:\/\/www.ag.ch\/app\/aem\/forms\/VZFU_2024_Lernfahrgesuch?mode=prod&amp;afAcceptLang=de-ch\">AG<\/a>).<\/li>\n\n\n\n<li>Absolviere einen Sehtest (z. B. beim Optiker).<\/li>\n\n\n\n<li>Reiche deinen Antrag bei der zust\u00e4ndigen Stelle ein.<\/li>\n<\/ul>\n\n\n\n<hr class=\"wp-block-separator has-alpha-channel-opacity is-style-wide\"\/>\n\n\n\n<h4 class=\"wp-block-heading\"><strong>Schritt 3: Theoriepr\u00fcfung bestehen<\/strong><\/h4>\n\n\n\n<p>Bereite dich gut vor und melde dich online zur Pr\u00fcfung an. Mit etwas \u00dcbung meisterst du die Theorie im Handumdrehen!<\/p>\n\n\n\n<hr class=\"wp-block-separator has-alpha-channel-opacity is-style-wide\"\/>\n\n\n\n<h4 class=\"wp-block-heading\"><strong>Schritt 4: Fahrstunden nehmen<\/strong><\/h4>\n\n\n\n<p>Sobald du die Theoriepr\u00fcfung bestanden hast, erh\u00e4ltst du deinen Lernfahrausweis per Post. Jetzt geht&#8217;s ans Steuer: Melde dich f\u00fcr Fahrstunden an und lerne alles Wichtige f\u00fcr den Strassenverkehr.<\/p>\n\n\n\n<hr class=\"wp-block-separator has-alpha-channel-opacity is-style-wide\"\/>\n\n\n\n<h4 class=\"wp-block-heading\"><strong>Schritt 5: Verkehrskundeunterricht (VKU)<\/strong><\/h4>\n\n\n\n<p>Der Verkehrskundeunterricht ist Pflicht und vertieft dein Verst\u00e4ndnis f\u00fcr sicheres Fahren. Melde dich rechtzeitig an, um ihn parallel zu den Fahrstunden zu absolvieren.<\/p>\n\n\n\n<hr class=\"wp-block-separator has-alpha-channel-opacity is-style-wide\"\/>\n\n\n\n<h4 class=\"wp-block-heading\"><strong>Schritt 6: Praktische Pr\u00fcfung \u2013 Dein gro\u00dfer Tag!<\/strong><\/h4>\n\n\n\n<p>Zeige dem Verkehrsexperten, was du gelernt hast!<\/p>\n\n\n\n<ul class=\"wp-block-list\">\n<li>Sobald du bereit bist, melden wir dich zur Pr\u00fcfung an.<\/li>\n\n\n\n<li>Die Pr\u00fcfung findet in deinem gewohnten Fahrschulauto statt.<\/li>\n\n\n\n<li>Am gro\u00dfen Tag begleiten dich Mel oder Chantal zur Motorfahrzeugpr\u00fcfstation und geben dir letzte Tipps.<\/li>\n<\/ul>\n\n\n\n<hr class=\"wp-block-separator has-alpha-channel-opacity is-style-wide\"\/>\n\n\n\n<h4 class=\"wp-block-heading\"><strong>Schritt 7: 2-Phasen-Kurs<\/strong><\/h4>\n\n\n\n<p>Nachdem du die praktischen Pr\u00fcfung bestanden hast, musst du noch einen Kurs innerhalb von einem Jahr absolvieren.<\/p>\n","protected":false},"excerpt":{"rendered":"<p>Dein Weg zum F\u00fchrerausweis \u2013 In 7 einfachen Schritten Schritt 1: Nothelferkurs besuchen Ein wichtiger erster Schritt, um im Ernstfall helfen zu k\u00f6nnen. Melde dich fr\u00fchzeitig f\u00fcr den Kurs an. &#8230;<\/p>\n","protected":false},"author":1,"featured_media":0,"parent":0,"menu_order":0,"comment_status":"closed","ping_status":"closed","template":"","meta":{"footnotes":""},"class_list":["post-28","page","type-page","status-publish","hentry"],"_links":{"self":[{"href":"https:\/\/flow-drive.ch\/index.php?rest_route=\/wp\/v2\/pages\/28","targetHints":{"allow":["GET"]}}],"collection":[{"href":"https:\/\/flow-drive.ch\/index.php?rest_route=\/wp\/v2\/pages"}],"about":[{"href":"https:\/\/flow-drive.ch\/index.php?rest_route=\/wp\/v2\/types\/page"}],"author":[{"embeddable":true,"href":"https:\/\/flow-drive.ch\/index.php?rest_route=\/wp\/v2\/users\/1"}],"replies":[{"embeddable":true,"href":"https:\/\/flow-drive.ch\/index.php?rest_route=%2Fwp%2Fv2%2Fcomments&post=28"}],"version-history":[{"count":18,"href":"https:\/\/flow-drive.ch\/index.php?rest_route=\/wp\/v2\/pages\/28\/revisions"}],"predecessor-version":[{"id":336,"href":"https:\/\/flow-drive.ch\/index.php?rest_route=\/wp\/v2\/pages\/28\/revisions\/336"}],"wp:attachment":[{"href":"https:\/\/flow-drive.ch\/index.php?rest_route=%2Fwp%2Fv2%2Fmedia&parent=28"}],"curies":[{"name":"wp","href":"https:\/\/api.w.org\/{rel}","templated":true}]}}