{"id":20,"date":"2024-12-08T19:46:35","date_gmt":"2024-12-08T19:46:35","guid":{"rendered":"https:\/\/flow-drive.ch\/?page_id=20"},"modified":"2025-01-08T10:33:46","modified_gmt":"2025-01-08T10:33:46","slug":"ueber-uns","status":"publish","type":"page","link":"https:\/\/flow-drive.ch\/?page_id=20","title":{"rendered":"\u00dcBER UNS"},"content":{"rendered":"\n<h3 class=\"wp-block-heading has-text-align-center\">Herzlich willkommen auf dem Weg zu deinem F\u00fchrerschein!<\/h3>\n\n\n\n<p class=\"has-text-align-center\">Wir freuen uns, dich auf dieser spannenden Reise begleiten zu d\u00fcrfen. Mit Geduld, Fachwissen und einer Prise Humor sorgen wir daf\u00fcr, dass du sicher und selbstbewusst ans Ziel kommst.<\/p>\n\n\n<div class=\"wp-block-image\">\n<figure class=\"aligncenter size-large\"><img loading=\"lazy\" decoding=\"async\" width=\"1024\" height=\"829\" src=\"https:\/\/flow-drive.ch\/wp-content\/uploads\/2024\/12\/Seat_Ateca_Flow_Drive-1024x829.jpg\" alt=\"\" class=\"wp-image-133\" srcset=\"https:\/\/flow-drive.ch\/wp-content\/uploads\/2024\/12\/Seat_Ateca_Flow_Drive-1024x829.jpg 1024w, https:\/\/flow-drive.ch\/wp-content\/uploads\/2024\/12\/Seat_Ateca_Flow_Drive-300x243.jpg 300w, https:\/\/flow-drive.ch\/wp-content\/uploads\/2024\/12\/Seat_Ateca_Flow_Drive-768x621.jpg 768w, https:\/\/flow-drive.ch\/wp-content\/uploads\/2024\/12\/Seat_Ateca_Flow_Drive-1536x1243.jpg 1536w, https:\/\/flow-drive.ch\/wp-content\/uploads\/2024\/12\/Seat_Ateca_Flow_Drive.jpg 2048w\" sizes=\"auto, (max-width: 1024px) 100vw, 1024px\" \/><\/figure>\n<\/div>\n\n\n<p class=\"has-text-align-center\"><strong>Seat ATECA MOVE FR 1.5 TSI 150 PS DSG<\/strong><\/p>\n","protected":false},"excerpt":{"rendered":"<p>Herzlich willkommen auf dem Weg zu deinem F\u00fchrerschein! Wir freuen uns, dich auf dieser spannenden Reise begleiten zu d\u00fcrfen. Mit Geduld, Fachwissen und einer Prise Humor sorgen wir daf\u00fcr, dass &#8230;<\/p>\n","protected":false},"author":1,"featured_media":0,"parent":0,"menu_order":0,"comment_status":"closed","ping_status":"closed","template":"","meta":{"footnotes":""},"class_list":["post-20","page","type-page","status-publish","hentry"],"_links":{"self":[{"href":"https:\/\/flow-drive.ch\/index.php?rest_route=\/wp\/v2\/pages\/20","targetHints":{"allow":["GET"]}}],"collection":[{"href":"https:\/\/flow-drive.ch\/index.php?rest_route=\/wp\/v2\/pages"}],"about":[{"href":"https:\/\/flow-drive.ch\/index.php?rest_route=\/wp\/v2\/types\/page"}],"author":[{"embeddable":true,"href":"https:\/\/flow-drive.ch\/index.php?rest_route=\/wp\/v2\/users\/1"}],"replies":[{"embeddable":true,"href":"https:\/\/flow-drive.ch\/index.php?rest_route=%2Fwp%2Fv2%2Fcomments&post=20"}],"version-history":[{"count":8,"href":"https:\/\/flow-drive.ch\/index.php?rest_route=\/wp\/v2\/pages\/20\/revisions"}],"predecessor-version":[{"id":257,"href":"https:\/\/flow-drive.ch\/index.php?rest_route=\/wp\/v2\/pages\/20\/revisions\/257"}],"wp:attachment":[{"href":"https:\/\/flow-drive.ch\/index.php?rest_route=%2Fwp%2Fv2%2Fmedia&parent=20"}],"curies":[{"name":"wp","href":"https:\/\/api.w.org\/{rel}","templated":true}]}}